{"id":57,"date":"2020-03-25T17:53:23","date_gmt":"2020-03-25T17:53:23","guid":{"rendered":"http:\/\/gartenkreisverband-bitterfeld.de\/?page_id=57"},"modified":"2026-04-30T20:04:45","modified_gmt":"2026-04-30T18:04:45","slug":"57-2","status":"publish","type":"page","link":"https:\/\/gartenkreisverband-bitterfeld.de\/","title":{"rendered":""},"content":{"rendered":"\n<h1 class=\"has-text-align-center has-very-dark-gray-color has-text-color\">Herzlich Willkommen auf unserer Homepage<\/h1>\n\n\n\n<div class=\"wp-block-cover has-custom-content-position is-position-bottom-center\" style=\"min-height:530px\"><span aria-hidden=\"true\" class=\"has-background-dim-0 wp-block-cover__gradient-background has-background-dim\"><\/span><img loading=\"lazy\" width=\"2560\" height=\"1707\" class=\"wp-block-cover__image-background wp-image-2190\" alt=\"\" src=\"https:\/\/gartenkreisverband-bitterfeld.de\/wp-content\/uploads\/2026\/03\/armennano-crocus-4024334-scaled.jpg\" style=\"object-position:49% 55%\" data-object-fit=\"cover\" data-object-position=\"49% 55%\" srcset=\"https:\/\/gartenkreisverband-bitterfeld.de\/wp-content\/uploads\/2026\/03\/armennano-crocus-4024334-scaled.jpg 2560w, https:\/\/gartenkreisverband-bitterfeld.de\/wp-content\/uploads\/2026\/03\/armennano-crocus-4024334-300x200.jpg 300w, https:\/\/gartenkreisverband-bitterfeld.de\/wp-content\/uploads\/2026\/03\/armennano-crocus-4024334-1024x683.jpg 1024w, https:\/\/gartenkreisverband-bitterfeld.de\/wp-content\/uploads\/2026\/03\/armennano-crocus-4024334-768x512.jpg 768w, https:\/\/gartenkreisverband-bitterfeld.de\/wp-content\/uploads\/2026\/03\/armennano-crocus-4024334-1536x1024.jpg 1536w, https:\/\/gartenkreisverband-bitterfeld.de\/wp-content\/uploads\/2026\/03\/armennano-crocus-4024334-2048x1365.jpg 2048w\" sizes=\"(max-width: 2560px) 100vw, 2560px\" \/><div class=\"wp-block-cover__inner-container\">\n<p class=\"has-text-align-center has-huge-font-size\"><\/p>\n<\/div><\/div>\n\n\n\n<p class=\"has-text-align-right has-black-color has-text-color\">Quelle: <em><strong><a href=\"https:\/\/pixabay.com\/de\/\">www.Pixabay.com<\/a><\/strong><\/em> (Lizenzfreier Inhalt)<\/p>\n\n\n\n<div class=\"wp-block-columns\">\n<div class=\"wp-block-column\"><\/div>\n\n\n\n<div class=\"wp-block-column\"><\/div>\n<\/div>\n\n\n\n<h4 class=\"has-text-align-right has-black-color has-vivid-green-cyan-background-color has-text-color has-background\">30.04.2026<\/h4>\n\n\n\n<p class=\"has-black-color has-text-color has-medium-font-size\"><strong>Liebe Gartenfreundinnen und Gartenfreunde,<\/strong><\/p>\n\n\n\n<p>Es stehen neue Informationen im <strong><em>Neudorff-Infodienst<\/em><\/strong> sowie aktuelle <strong><em>Verbandsmitteilungen des Pflanzenschutz-Warndienstes f\u00fcr &#8222;Haus- und Kleing\u00e4rten&#8220;<\/em><\/strong> zur Verf\u00fcgung. Au\u00dferdem wurden im <strong><em>Ereigniskalender<\/em><\/strong> die <strong><em>Sprechtage<\/em> <\/strong>f\u00fcr den <strong>Mai<\/strong> eingetragen<\/p>\n\n\n\n<h4 class=\"has-text-align-right has-black-color has-vivid-green-cyan-background-color has-text-color has-background\">03.03.2026<\/h4>\n\n\n\n<p class=\"has-black-color has-text-color has-medium-font-size\"><strong>Liebe Gartenfreundinnen und Gartenfreunde,<\/strong><\/p>\n\n\n\n<p>Es liegen neue Informationen beim Neudorff Infodienst vor. Auch wurde der Ereigniskalender angepasst.<\/p>\n\n\n\n<hr class=\"wp-block-separator\"\/>\n\n\n\n<p><\/p>\n","protected":false},"excerpt":{"rendered":"<p>Herzlich Willkommen auf unserer Homepage Quelle: www.Pixabay.com (Lizenzfreier Inhalt) 30.04.2026 Liebe Gartenfreundinnen und Gartenfreunde, Es stehen neue Informationen im Neudorff-Infodienst sowie aktuelle Verbandsmitteilungen des Pflanzenschutz-Warndienstes f\u00fcr &#8222;Haus- und Kleing\u00e4rten&#8220; zur Verf\u00fcgung. Au\u00dferdem wurden im Ereigniskalender die Sprechtage f\u00fcr den Mai eingetragen 03.03.2026 Liebe Gartenfreundinnen und Gartenfreunde, Es liegen neue Informationen beim Neudorff Infodienst vor. Auch [&hellip;]<\/p>\n","protected":false},"author":1,"featured_media":0,"parent":0,"menu_order":0,"comment_status":"closed","ping_status":"closed","template":"","meta":[],"_links":{"self":[{"href":"https:\/\/gartenkreisverband-bitterfeld.de\/index.php?rest_route=\/wp\/v2\/pages\/57"}],"collection":[{"href":"https:\/\/gartenkreisverband-bitterfeld.de\/index.php?rest_route=\/wp\/v2\/pages"}],"about":[{"href":"https:\/\/gartenkreisverband-bitterfeld.de\/index.php?rest_route=\/wp\/v2\/types\/page"}],"author":[{"embeddable":true,"href":"https:\/\/gartenkreisverband-bitterfeld.de\/index.php?rest_route=\/wp\/v2\/users\/1"}],"replies":[{"embeddable":true,"href":"https:\/\/gartenkreisverband-bitterfeld.de\/index.php?rest_route=%2Fwp%2Fv2%2Fcomments&post=57"}],"version-history":[{"count":272,"href":"https:\/\/gartenkreisverband-bitterfeld.de\/index.php?rest_route=\/wp\/v2\/pages\/57\/revisions"}],"predecessor-version":[{"id":2220,"href":"https:\/\/gartenkreisverband-bitterfeld.de\/index.php?rest_route=\/wp\/v2\/pages\/57\/revisions\/2220"}],"wp:attachment":[{"href":"https:\/\/gartenkreisverband-bitterfeld.de\/index.php?rest_route=%2Fwp%2Fv2%2Fmedia&parent=57"}],"curies":[{"name":"wp","href":"https:\/\/api.w.org\/{rel}","templated":true}]}}