{"id":5,"date":"2020-03-25T17:24:42","date_gmt":"2020-03-25T17:24:42","guid":{"rendered":"http:\/\/gartenkreisverband-bitterfeld.de\/?page_id=5"},"modified":"2025-01-07T19:02:29","modified_gmt":"2025-01-07T17:02:29","slug":"informationen-ueber-den-verein","status":"publish","type":"page","link":"https:\/\/gartenkreisverband-bitterfeld.de\/?page_id=5","title":{"rendered":"\u00dcber den Verein"},"content":{"rendered":"\n<h2 class=\"has-text-align-center\">                                                Vorstand<\/h2>\n\n\n\n<div class=\"wp-block-media-text alignwide is-vertically-aligned-top\" style=\"grid-template-columns:40% auto\"><figure class=\"wp-block-media-text__media\"><img loading=\"lazy\" width=\"288\" height=\"189\" src=\"https:\/\/gartenkreisverband-bitterfeld.de\/wp-content\/uploads\/2020\/03\/garden_01.jpg\" alt=\"\" class=\"wp-image-6 size-full\"\/><\/figure><div class=\"wp-block-media-text__content\">\n<font size=\"+1\"><pre class=\"wp-block-verse\"><strong>Vorsitzende: <font color=\"blue\">Sylvia Schirmer<\/font><\/strong>\n<strong>\nStellvertretender Vorsitzende:<font color=\"blue\">  Benno Nordhausen<\/font><\/strong>\n<strong>\nSchatzmeisterin: <font color=\"blue\">Mandy Hartmann<\/font><\/strong>\n<strong>\nSchriftf\u00fchrerin: <font color=\"blue\">Steffi Klotzsch<\/font><\/strong>\n<strong>\nRevisions-Vorsitzende:<font color=\"blue\"> Dagmar Kitzing<\/font><\/strong>\n<strong>\nVorstandsmitglied f\u00fcr Umwelt und \u00d6kologie:<font color=\"blue\"> Dirk Thomas <\/font><\/strong><\/pre><\/font>\n\n\n\n<p><\/p>\n<\/div><\/div>\n\n\n\n<font size=+1><pre class=\"wp-block-verse\"><br><br><strong>Der Regionalverband der Gartenfreunde Bitterfeld-Wolfen und <br>Umgebung e.V. ist eine gemeinn\u00fctzige Organisation des <br>Kleingartenwesens. Wir sind Mitglied im Landesverband der<br>Gartenfreunde Sachsen-Anhalt e.V. Im Regionalverband sind 65 <br>Kleingartenvereine aus 5 verschiedenen St\u00e4dten und Gemeinden des <br>ehemaligen Landkreises Bitterfeld vereint. Die Mitglieder der Vereine <br>bewirtschaften \u00fcber 4200 Parzellen mit ca.200 ha Nutzfl\u00e4che. In den <br>Kleingartenanlagen des Verbandes wirken und erholen sich <br>regelm\u00e4\u00dfig \u00fcber 12.000 B\u00fcrgerinnen und B\u00fcrger. Die Hauptaufgabe <br>des Regionalverbandes besteht in der Entwicklung und F\u00f6rderung des<br> Kleingartenwesens. Er will dazu beitragen, dass jeder interessierte <br>B\u00fcrger dir M\u00f6glichkeit erh\u00e4lt, sich in seiner Freizeit kleing\u00e4rtnerisch <br>zu bet\u00e4tigen und sich in der freien Natur zu sozial vertr\u00e4glichen <br>Bedingungen zu erholen. Nat\u00fcrlich ist der Regionalverband auch f\u00fcr <br>Mitglieder aus den angrenzenden Landkreisen offen, wenn diese <br>B\u00fcrger den Wunsch haben, einen Garten bei uns pachten zu wollen. <br>Die Leistungstr\u00e4ger der uns angeschlossenen Vereine werden durch <br>den Regionalverband in verschiedenartigen Schulungen und <br>praktischen Fachvortr\u00e4gen \u00fcber  Neuigkeiten informiert und so bei <br>ihrer ehrenamtlichen T\u00e4tigkeit im Verein unterst\u00fctzt. <\/font><\/strong><\/pre>\n\n\n\n<h4>Gemeinschaft (er)leben &#8211; Der Verein als Heimstatt <\/h4>\n\n\n\n<font size=+1><pre class=\"wp-block-verse\"><strong>Die soziale Funktion von Kleing\u00e4rten gewinnt zunehmend an <br>Bedeutung. F\u00fcr Berufst\u00e4tige ist der Kleingarten ein Ausgleich zum  <br>Berufsalltag, f\u00fcr Senioren und Erwerbslose erf\u00fcllende Freizeitt\u00e4tigkeit, <br>f\u00fcr Familien ein wichtiger Ort f\u00fcr gesunde  Entwicklung ihrer Kinder, <br>die dabei gleichzeitig die Natur kennen und sch\u00e4tzen lernen. Die <br>Mitgliedschaft in einem Kleingartenverein bedeutet Einbindung in <br>soziale Netze von Menschen unterschiedlichen Alters mit<br> unterschiedlichen Familien und Berufen. Dabei finden die Kleing\u00e4rten <br>mit ihren vielf\u00e4ltigen Aktivit\u00e4ten im sozialen, \u00f6kologischen und <br>st\u00e4dtebaulichen Bereich mehr und mehr \u00f6ffentliche Anerkennung, da <br>wir f\u00fcr den Erhalt von Artenreichtum an Pflanzen und Tieren stehen. <br>Es ist daher nicht von der Hand zu weisen, dass die Kleing\u00e4rtner in <br>ihrem Garten klimatisch gesehen ein  \u00d6kosystemdienstleister sind, da <br>sie ihre Ernte garantiert biologisch  angebaut haben und frisch und vor <br>allem ohne CO2 - Belastung ernten k\u00f6nnen. <\/font><\/strong><br><\/pre>\n","protected":false},"excerpt":{"rendered":"<p>Vorstand Vorsitzende: Sylvia Schirmer Stellvertretender Vorsitzende: Benno Nordhausen Schatzmeisterin: Mandy Hartmann Schriftf\u00fchrerin: Steffi Klotzsch Revisions-Vorsitzende: Dagmar Kitzing Vorstandsmitglied f\u00fcr Umwelt und \u00d6kologie: Dirk Thomas Der Regionalverband der Gartenfreunde Bitterfeld-Wolfen und Umgebung e.V. ist eine gemeinn\u00fctzige Organisation des Kleingartenwesens. Wir sind Mitglied im Landesverband derGartenfreunde Sachsen-Anhalt e.V. Im Regionalverband sind 65 Kleingartenvereine aus 5 verschiedenen St\u00e4dten [&hellip;]<\/p>\n","protected":false},"author":1,"featured_media":0,"parent":0,"menu_order":0,"comment_status":"closed","ping_status":"closed","template":"","meta":[],"_links":{"self":[{"href":"https:\/\/gartenkreisverband-bitterfeld.de\/index.php?rest_route=\/wp\/v2\/pages\/5"}],"collection":[{"href":"https:\/\/gartenkreisverband-bitterfeld.de\/index.php?rest_route=\/wp\/v2\/pages"}],"about":[{"href":"https:\/\/gartenkreisverband-bitterfeld.de\/index.php?rest_route=\/wp\/v2\/types\/page"}],"author":[{"embeddable":true,"href":"https:\/\/gartenkreisverband-bitterfeld.de\/index.php?rest_route=\/wp\/v2\/users\/1"}],"replies":[{"embeddable":true,"href":"https:\/\/gartenkreisverband-bitterfeld.de\/index.php?rest_route=%2Fwp%2Fv2%2Fcomments&post=5"}],"version-history":[{"count":39,"href":"https:\/\/gartenkreisverband-bitterfeld.de\/index.php?rest_route=\/wp\/v2\/pages\/5\/revisions"}],"predecessor-version":[{"id":1954,"href":"https:\/\/gartenkreisverband-bitterfeld.de\/index.php?rest_route=\/wp\/v2\/pages\/5\/revisions\/1954"}],"wp:attachment":[{"href":"https:\/\/gartenkreisverband-bitterfeld.de\/index.php?rest_route=%2Fwp%2Fv2%2Fmedia&parent=5"}],"curies":[{"name":"wp","href":"https:\/\/api.w.org\/{rel}","templated":true}]}}