{"id":37,"date":"2020-03-25T17:28:47","date_gmt":"2020-03-25T17:28:47","guid":{"rendered":"http:\/\/gartenkreisverband-bitterfeld.de\/?page_id=37"},"modified":"2025-01-07T19:03:11","modified_gmt":"2025-01-07T17:03:11","slug":"impersum-und-haftungsauschluss","status":"publish","type":"page","link":"https:\/\/gartenkreisverband-bitterfeld.de\/?page_id=37","title":{"rendered":"Impressum und Haftungsausschluss"},"content":{"rendered":"\n<font color=\"black\"><font size=\"+1\"><\/font><p><font size=\"+1\"> <strong>Impressum<\/strong><br><br> Regionalverband der Gartenfreunde <br> Bitterfeld-Wolfen und Umgebung e.V.<br> Str. der Jugend 16<br> 06766 Bitterfeld-Wolfen<br><br> Vertreten durch: Sylvia Schirmer<br> Telefon: 03494-3847735<br> Fax:&nbsp;&nbsp;&nbsp;&nbsp;&nbsp;&nbsp; 03494-3847737<br><br>Registereintrag:<br> Amtsgericht Stendal<br> VR-NR: 32 103<br><br> Verantwortlich f\u00fcr den Inhalt: Regionalverband der Gartenfreunde  Bitterfeld-Wolfen und Umgebung e.V.<br><br> \nWebsite Admin: Martin Nordhausen<\/font><\/p><\/font>\n\n\n\n<font Color=black><font size=\"+1\"><p class=\"has-normal-font-size\"><strong>Haftungsausschluss (Disclaimer)<\/strong><br><br><strong> Haftung fuer Inhalte:<\/strong><br> Als Dienstleister sind wir gemaess \u00a77 Abs. 1 TMG fuer die eigenen<br> Inhalte auf diesen Seiten nach den allgemeinen Gesetzen  verantwortlich.<br> Nach \u00a7\u00a7 8 bis 10 TMG sind wir als Diensteanbieter jedoch nicht  verpflichtet, \u00fcbermittelte oder gespeicherte fremde Informationen zu  ueberwachen oder nach Umst\u00e4nden&nbsp;zu forschen, die auf eine  rechtswidrige T\u00e4tigkeit hinweisen. Verpflichtungen zur Entfernung  oder Sperrung der Nutzung von Informationen nach den allg. Gesetzen  bleiben hiervon unber\u00fchrt. Eine diesbez\u00fcgliche Haftung ist jedoch  erst ab dem Zeitpunkt der Kenntnis einer konkreten Rechtsverletzung  m\u00f6glich. Bei Bekanntwerden von entsprechenden Rechtsverletzungen  werden wir diese Inhalte umgehend entfernen.<br><br><strong> Haftung f\u00fcr Links:<\/strong><br> Unser Angebot enth\u00e4lt Links zu externen Webseiten Dritter, auf deren  Inhalte wir keinen Einfluss haben. Deshalb k\u00f6nnen wir fuer diese  fremden Inhalte auch keine Gew\u00e4hr \u00fcbernehmen. F\u00fcr die Inhalte der  berlinkten Seiten ist stets der jeweilige Anbieter oder Betreiber  der Seiten verantwortlich. Die verlinkten Seiten wurden zum  Zeitpunkt der Verlinkung auf moegliche rechtsverst\u00f6\u00dfe \u00fcberpr\u00fcft.  Rechtswidrige Inhalte waren zum Zeitpunkt der Verlinkung nicht  erkennbar. Eine permanente inhaltliche Kontrolle der verlinkten  Seiten ist jedoch ohne Anhaltspunkte einer rechtsverletzung nicht  zumutbar. Bei Bekanntwerden von Rechtsverletzungen werden wir  derartige Links umgehend entfernen.<br><br><strong> Urheberrecht<\/strong><br> Die durch die Seitenbetreiber erstellten Inhalte und Werke auf  diesen Seiten unterliegen dem deutschen Urheberrecht. Die  Vervielf\u00e4ltigung, Bearbeitung, Verbreitung und jede Art der  Verwertung ausserhalb der Grenzen des Urheberrechtes beduerfen der  schriftlichen Zustimmung des jeweiligen Autors bzw. Erstellers.<br> Downloads und Kopien dieser Seiten sind nur fuer den privaten, nicht  kommerziellen Gebrauch gestattet.<br> Soweit die Inhalte auf diesen Seiten nicht vom Betreiber erstellt  wurden, werden die Urheberrechte Dritter beachtet. Sollten Sie  trotzdem auf eine Urheberrechtsverletzung aufmerksam werden, bitten  wir um einen entsprechenden Hinweis. Bei Bekanntwerden von  Rechtsverletzungen werden wir derartige Inhalte schnellstens  entfernen. <\/font><\/p>\n\n\n\n<font Color=black><font size=\"+1\"><p class=\"has-normal-font-size\">\n<h3>Kalender.digital<\/h3>\n<p>Unsere Webseite verwendet die Online Kalender Anwendung <a href=\"https:\/\/kalender.digital\" target=\"_blank\" rel=\"noopener noreferrer\">Kalender.digital<\/a>, um Sie \u00fcber unsere anstehenden Termine zu informieren.<\/p>\n\n<p>Bei der Nutzung von Kalender.digital werden Informationen \u00fcber die Nutzung unserer Internetseite einschlie\u00dflich Ihrer anonymisierten IP-Adresse und die von Ihnen bei Kalender.digital eingegeben Daten auf dem Kalender.digital Server gespeichert.<\/p>\n\n<p>Sie k\u00f6nnen eine solche Daten\u00fcbertragung jedoch verhindern, wenn Sie in Ihrem Browser &#8222;Javascript&#8220; deaktivieren. In dem Falle k\u00f6nnen jedoch keine Termine angezeigt werden.<\/p>\n\n<p>Weitere Informationen dar\u00fcber wie Kalender.digital Ihre Daten verwendet finden Sie unter: <a href=\"https:\/\/kalender.digital\/privacy\" target=\"_blank\" rel=\"noopener noreferrer\">https:\/\/kalender.digital\/privacy<\/a><\/p>\n\n<p>Rechtsgrundlage ist Artikel 6 Absatz 1 Satz 1 f) Datenschutzgrundverordnung, denn die Verarbeitung der Daten dient der Wahrung unseres berechtigten Interesses an der Verbesserung der Nutzererfahrung sowie der Bewerbung und Darstellung unserer Leistungen.<\/p>\n","protected":false},"excerpt":{"rendered":"<p>Impressum Regionalverband der Gartenfreunde Bitterfeld-Wolfen und Umgebung e.V. Str. der Jugend 16 06766 Bitterfeld-Wolfen Vertreten durch: Sylvia Schirmer Telefon: 03494-3847735 Fax:&nbsp;&nbsp;&nbsp;&nbsp;&nbsp;&nbsp; 03494-3847737 Registereintrag: Amtsgericht Stendal VR-NR: 32 103 Verantwortlich f\u00fcr den Inhalt: Regionalverband der Gartenfreunde Bitterfeld-Wolfen und Umgebung e.V. Website Admin: Martin Nordhausen Haftungsausschluss (Disclaimer) Haftung fuer Inhalte: Als Dienstleister sind wir gemaess \u00a77 Abs. [&hellip;]<\/p>\n","protected":false},"author":1,"featured_media":0,"parent":0,"menu_order":0,"comment_status":"closed","ping_status":"closed","template":"","meta":[],"_links":{"self":[{"href":"https:\/\/gartenkreisverband-bitterfeld.de\/index.php?rest_route=\/wp\/v2\/pages\/37"}],"collection":[{"href":"https:\/\/gartenkreisverband-bitterfeld.de\/index.php?rest_route=\/wp\/v2\/pages"}],"about":[{"href":"https:\/\/gartenkreisverband-bitterfeld.de\/index.php?rest_route=\/wp\/v2\/types\/page"}],"author":[{"embeddable":true,"href":"https:\/\/gartenkreisverband-bitterfeld.de\/index.php?rest_route=\/wp\/v2\/users\/1"}],"replies":[{"embeddable":true,"href":"https:\/\/gartenkreisverband-bitterfeld.de\/index.php?rest_route=%2Fwp%2Fv2%2Fcomments&post=37"}],"version-history":[{"count":10,"href":"https:\/\/gartenkreisverband-bitterfeld.de\/index.php?rest_route=\/wp\/v2\/pages\/37\/revisions"}],"predecessor-version":[{"id":1955,"href":"https:\/\/gartenkreisverband-bitterfeld.de\/index.php?rest_route=\/wp\/v2\/pages\/37\/revisions\/1955"}],"wp:attachment":[{"href":"https:\/\/gartenkreisverband-bitterfeld.de\/index.php?rest_route=%2Fwp%2Fv2%2Fmedia&parent=37"}],"curies":[{"name":"wp","href":"https:\/\/api.w.org\/{rel}","templated":true}]}}